{"id":274,"date":"2020-08-26T16:43:53","date_gmt":"2020-08-26T14:43:53","guid":{"rendered":"https:\/\/resolutesystem.com\/calzature-di-sicurezza\/"},"modified":"2020-09-07T15:05:04","modified_gmt":"2020-09-07T13:05:04","slug":"calzature-di-sicurezza","status":"publish","type":"page","link":"https:\/\/resolutesystem.com\/fr\/","title":{"rendered":"Chaussures de s\u00e9curit\u00e9"},"content":{"rendered":"","protected":false},"excerpt":{"rendered":"","protected":false},"author":2,"featured_media":0,"parent":0,"menu_order":0,"comment_status":"closed","ping_status":"closed","template":"","meta":{"inline_featured_image":false,"footnotes":""},"class_list":["post-274","page","type-page","status-publish","hentry"],"yoast_head":"<!-- This site is optimized with the Yoast SEO plugin v25.3.1 - https:\/\/yoast.com\/wordpress\/plugins\/seo\/ -->\n<title>Chaussures de s\u00e9curit\u00e9 - Resolute System Technology<\/title>\n<meta name=\"description\" content=\"Le concept de chaussures Resolute a \u00e9t\u00e9 d\u00e9velopp\u00e9 par l&#039;\u00e9quipe R&amp;D de Sixton Peak\u00ae en collaboration avec le partenaire anglais D3O\u00ae sp\u00e9cialis\u00e9 dans les solutions de protection contre les chocs haute performance et collabore avec les meilleures entreprises et marques au monde.\" \/>\n<meta name=\"robots\" content=\"index, follow, max-snippet:-1, max-image-preview:large, max-video-preview:-1\" \/>\n<link rel=\"canonical\" href=\"https:\/\/resolutesystem.com\/fr\/\" \/>\n<meta property=\"og:locale\" content=\"fr_FR\" \/>\n<meta property=\"og:type\" content=\"article\" \/>\n<meta property=\"og:title\" content=\"Chaussures de s\u00e9curit\u00e9 - Resolute System Technology\" \/>\n<meta property=\"og:description\" content=\"Le concept de chaussures Resolute a \u00e9t\u00e9 d\u00e9velopp\u00e9 par l&#039;\u00e9quipe R&amp;D de Sixton Peak\u00ae en collaboration avec le partenaire anglais D3O\u00ae sp\u00e9cialis\u00e9 dans les solutions de protection contre les chocs haute performance et collabore avec les meilleures entreprises et marques au monde.\" \/>\n<meta property=\"og:url\" content=\"https:\/\/resolutesystem.com\/fr\/\" \/>\n<meta property=\"og:site_name\" content=\"Resolute System Technology\" \/>\n<meta property=\"article:modified_time\" content=\"2020-09-07T13:05:04+00:00\" \/>\n<meta name=\"twitter:card\" content=\"summary_large_image\" \/>\n<script type=\"application\/ld+json\" class=\"yoast-schema-graph\">{\"@context\":\"https:\/\/schema.org\",\"@graph\":[{\"@type\":\"WebPage\",\"@id\":\"https:\/\/resolutesystem.com\/fr\/\",\"url\":\"https:\/\/resolutesystem.com\/fr\/\",\"name\":\"Chaussures de s\u00e9curit\u00e9 - Resolute System Technology\",\"isPartOf\":{\"@id\":\"https:\/\/resolutesystem.com\/fr\/#website\"},\"datePublished\":\"2020-08-26T14:43:53+00:00\",\"dateModified\":\"2020-09-07T13:05:04+00:00\",\"description\":\"Le concept de chaussures Resolute a \u00e9t\u00e9 d\u00e9velopp\u00e9 par l'\u00e9quipe R&D de Sixton Peak\u00ae en collaboration avec le partenaire anglais D3O\u00ae sp\u00e9cialis\u00e9 dans les solutions de protection contre les chocs haute performance et collabore avec les meilleures entreprises et marques au monde.\",\"breadcrumb\":{\"@id\":\"https:\/\/resolutesystem.com\/fr\/#breadcrumb\"},\"inLanguage\":\"fr-FR\",\"potentialAction\":[{\"@type\":\"ReadAction\",\"target\":[\"https:\/\/resolutesystem.com\/fr\/\"]}]},{\"@type\":\"BreadcrumbList\",\"@id\":\"https:\/\/resolutesystem.com\/fr\/#breadcrumb\",\"itemListElement\":[{\"@type\":\"ListItem\",\"position\":1,\"name\":\"Home\",\"item\":\"https:\/\/resolutesystem.com\/fr\/\"},{\"@type\":\"ListItem\",\"position\":2,\"name\":\"Chaussures de s\u00e9curit\u00e9\"}]},{\"@type\":\"WebSite\",\"@id\":\"https:\/\/resolutesystem.com\/fr\/#website\",\"url\":\"https:\/\/resolutesystem.com\/fr\/\",\"name\":\"Resolute System Technology\",\"description\":\"La calzatura di sicurezza pi\u00f9 \u201csmart cushioning\u201d!\",\"publisher\":{\"@id\":\"https:\/\/resolutesystem.com\/fr\/#organization\"},\"potentialAction\":[{\"@type\":\"SearchAction\",\"target\":{\"@type\":\"EntryPoint\",\"urlTemplate\":\"https:\/\/resolutesystem.com\/fr\/?s={search_term_string}\"},\"query-input\":{\"@type\":\"PropertyValueSpecification\",\"valueRequired\":true,\"valueName\":\"search_term_string\"}}],\"inLanguage\":\"fr-FR\"},{\"@type\":\"Organization\",\"@id\":\"https:\/\/resolutesystem.com\/fr\/#organization\",\"name\":\"Sixton Maspica\",\"url\":\"https:\/\/resolutesystem.com\/fr\/\",\"logo\":{\"@type\":\"ImageObject\",\"inLanguage\":\"fr-FR\",\"@id\":\"https:\/\/resolutesystem.com\/fr\/#\/schema\/logo\/image\/\",\"url\":\"https:\/\/resolutesystem.com\/wp-content\/uploads\/2020\/09\/sixton-resolute-img-084.png\",\"contentUrl\":\"https:\/\/resolutesystem.com\/wp-content\/uploads\/2020\/09\/sixton-resolute-img-084.png\",\"width\":1500,\"height\":439,\"caption\":\"Sixton Maspica\"},\"image\":{\"@id\":\"https:\/\/resolutesystem.com\/fr\/#\/schema\/logo\/image\/\"}}]}<\/script>\n<!-- \/ Yoast SEO plugin. -->","yoast_head_json":{"title":"Chaussures de s\u00e9curit\u00e9 - Resolute System Technology","description":"Le concept de chaussures Resolute a \u00e9t\u00e9 d\u00e9velopp\u00e9 par l'\u00e9quipe R&D de Sixton Peak\u00ae en collaboration avec le partenaire anglais D3O\u00ae sp\u00e9cialis\u00e9 dans les solutions de protection contre les chocs haute performance et collabore avec les meilleures entreprises et marques au monde.","robots":{"index":"index","follow":"follow","max-snippet":"max-snippet:-1","max-image-preview":"max-image-preview:large","max-video-preview":"max-video-preview:-1"},"canonical":"https:\/\/resolutesystem.com\/fr\/","og_locale":"fr_FR","og_type":"article","og_title":"Chaussures de s\u00e9curit\u00e9 - Resolute System Technology","og_description":"Le concept de chaussures Resolute a \u00e9t\u00e9 d\u00e9velopp\u00e9 par l'\u00e9quipe R&D de Sixton Peak\u00ae en collaboration avec le partenaire anglais D3O\u00ae sp\u00e9cialis\u00e9 dans les solutions de protection contre les chocs haute performance et collabore avec les meilleures entreprises et marques au monde.","og_url":"https:\/\/resolutesystem.com\/fr\/","og_site_name":"Resolute System Technology","article_modified_time":"2020-09-07T13:05:04+00:00","twitter_card":"summary_large_image","schema":{"@context":"https:\/\/schema.org","@graph":[{"@type":"WebPage","@id":"https:\/\/resolutesystem.com\/fr\/","url":"https:\/\/resolutesystem.com\/fr\/","name":"Chaussures de s\u00e9curit\u00e9 - Resolute System Technology","isPartOf":{"@id":"https:\/\/resolutesystem.com\/fr\/#website"},"datePublished":"2020-08-26T14:43:53+00:00","dateModified":"2020-09-07T13:05:04+00:00","description":"Le concept de chaussures Resolute a \u00e9t\u00e9 d\u00e9velopp\u00e9 par l'\u00e9quipe R&D de Sixton Peak\u00ae en collaboration avec le partenaire anglais D3O\u00ae sp\u00e9cialis\u00e9 dans les solutions de protection contre les chocs haute performance et collabore avec les meilleures entreprises et marques au monde.","breadcrumb":{"@id":"https:\/\/resolutesystem.com\/fr\/#breadcrumb"},"inLanguage":"fr-FR","potentialAction":[{"@type":"ReadAction","target":["https:\/\/resolutesystem.com\/fr\/"]}]},{"@type":"BreadcrumbList","@id":"https:\/\/resolutesystem.com\/fr\/#breadcrumb","itemListElement":[{"@type":"ListItem","position":1,"name":"Home","item":"https:\/\/resolutesystem.com\/fr\/"},{"@type":"ListItem","position":2,"name":"Chaussures de s\u00e9curit\u00e9"}]},{"@type":"WebSite","@id":"https:\/\/resolutesystem.com\/fr\/#website","url":"https:\/\/resolutesystem.com\/fr\/","name":"Resolute System Technology","description":"La calzatura di sicurezza pi\u00f9 \u201csmart cushioning\u201d!","publisher":{"@id":"https:\/\/resolutesystem.com\/fr\/#organization"},"potentialAction":[{"@type":"SearchAction","target":{"@type":"EntryPoint","urlTemplate":"https:\/\/resolutesystem.com\/fr\/?s={search_term_string}"},"query-input":{"@type":"PropertyValueSpecification","valueRequired":true,"valueName":"search_term_string"}}],"inLanguage":"fr-FR"},{"@type":"Organization","@id":"https:\/\/resolutesystem.com\/fr\/#organization","name":"Sixton Maspica","url":"https:\/\/resolutesystem.com\/fr\/","logo":{"@type":"ImageObject","inLanguage":"fr-FR","@id":"https:\/\/resolutesystem.com\/fr\/#\/schema\/logo\/image\/","url":"https:\/\/resolutesystem.com\/wp-content\/uploads\/2020\/09\/sixton-resolute-img-084.png","contentUrl":"https:\/\/resolutesystem.com\/wp-content\/uploads\/2020\/09\/sixton-resolute-img-084.png","width":1500,"height":439,"caption":"Sixton Maspica"},"image":{"@id":"https:\/\/resolutesystem.com\/fr\/#\/schema\/logo\/image\/"}}]}},"_links":{"self":[{"href":"https:\/\/resolutesystem.com\/fr\/wp-json\/wp\/v2\/pages\/274","targetHints":{"allow":["GET"]}}],"collection":[{"href":"https:\/\/resolutesystem.com\/fr\/wp-json\/wp\/v2\/pages"}],"about":[{"href":"https:\/\/resolutesystem.com\/fr\/wp-json\/wp\/v2\/types\/page"}],"author":[{"embeddable":true,"href":"https:\/\/resolutesystem.com\/fr\/wp-json\/wp\/v2\/users\/2"}],"replies":[{"embeddable":true,"href":"https:\/\/resolutesystem.com\/fr\/wp-json\/wp\/v2\/comments?post=274"}],"version-history":[{"count":1,"href":"https:\/\/resolutesystem.com\/fr\/wp-json\/wp\/v2\/pages\/274\/revisions"}],"predecessor-version":[{"id":276,"href":"https:\/\/resolutesystem.com\/fr\/wp-json\/wp\/v2\/pages\/274\/revisions\/276"}],"wp:attachment":[{"href":"https:\/\/resolutesystem.com\/fr\/wp-json\/wp\/v2\/media?parent=274"}],"curies":[{"name":"wp","href":"https:\/\/api.w.org\/{rel}","templated":true}]}}